{"id":236,"date":"2023-04-24T17:24:32","date_gmt":"2023-04-24T15:24:32","guid":{"rendered":"https:\/\/www.nutrimedia.fr\/index.php\/mesmerize\/"},"modified":"2025-11-04T16:52:09","modified_gmt":"2025-11-04T15:52:09","slug":"mesmerize","status":"publish","type":"page","link":"https:\/\/www.nutrimedia.fr\/","title":{"rendered":"Front Page"},"content":{"rendered":"<div  id=\"accueil\" style=\"background-color: #ffffff;\" data-label=\"Accueil\" data-id=\"overlappable-4\" data-export-id=\"overlappable-4\" data-category=\"overlappable\" class=\"overlappable-4 content-section content-section-spacing\" data-overlap=\"true\"><div  class=\"gridContainer\"> <div  data-type=\"row\" class=\"row spaced-cols text-center\"><div  class=\"col-xs-12 col-sm-4 col-padding\"> <i  class=\"fa icon shadow-large-black aligncenter color1 fa-newspaper-o reverse round large\"><\/i> <div  data-type=\"column\" class=\"\">  <h6  class=\"\">P\u00d4LE COMMUNICATION<\/h6><p  class=\"\">PRESSE \u2013 \u00c9DITION \u2013 FORMATION \u2013 ETP- \u00c9V\u00c9NEMENTIEL<\/p><img  decoding=\"async\" class=\"custom-image\" src=\"http:\/\/www.nutrimedia.fr\/wp-content\/uploads\/2023\/04\/illustration-globale-new-logo-scaled.jpg\" title=\"News media flat icons composition poster\" alt=\"\"><\/div> <\/div> <div  class=\"col-xs-12 col-sm-4 col-padding\"> <a  data-cp-link=\"1\" href=\"#\"><i  class=\"fa icon shadow-large-black aligncenter color1 fa-child reverse round large\"><\/i><\/a> <div  data-type=\"column\" class=\"\"><h5  class=\"\">P\u00d4LE PR\u00c9VENTION<\/h5> <p  class=\"\">SANT\u00c9 AU TRAVAIL \u2013 ATELIERS \u2013 JEUX \u2013 ANIMATION SEMAINE QVT\u2026<\/p><a  data-cp-link=\"1\" href=\"#\" class=\"\"><img  decoding=\"async\" class=\"custom-image\" src=\"http:\/\/www.nutrimedia.fr\/wp-content\/uploads\/2023\/04\/Formation-ok.jpg\" title=\"Impression\" alt=\"\"><\/a><a  class=\"link\" href=\"https:\/\/nutrimedia-prevention.fr\" target=\"_self\" data-cp-link=\"1\" rel=\"noopener\">Acc\u00e8s<\/a><p  class=\"\"><\/p><\/div> <\/div> <div  class=\"col-xs-12 col-sm-4 col-padding\"> <i  class=\"fa icon shadow-large-black aligncenter color1 fa-laptop reverse round large\"><\/i> <div  data-type=\"column\" class=\"\"><h5  class=\"\">P\u00d4LE TECHNOLOGIE<\/h5> <p  class=\"\">COMMUNICATION DIGITALE \u2013&nbsp; WEB RADIO \u2013 DIGITAL LEARNING\u2026<\/p><img  decoding=\"async\" class=\"custom-image\" src=\"http:\/\/www.nutrimedia.fr\/wp-content\/uploads\/2023\/04\/strategie-technologie.jpg\" title=\"Impression\" alt=\"\"><\/div> <\/div><\/div> <\/div><\/div><div  id=\"notre-expertise\" style=\"background-color: #f5fafd;\" data-label=\"Notre expertise\" data-id=\"about-1\" data-export-id=\"about-1\" data-category=\"about\" class=\"about-1 content-section\"><div  class=\"gridContainer\"> <div  class=\"row text-center\"><div  class=\"section-title-col\" data-type=\"column\">  <h2  class=\"\">Tous nos p\u00f4les d\u2019expertise au service de la communication scientifique multicanale<\/h2> <h3  class=\"\">Nutrim\u00e9dia est une soci\u00e9t\u00e9 de presse, d\u2019\u00e9dition, de communication et \nmarketing multicanale sp\u00e9cialis\u00e9e dans l\u2019ensemble du champ de la sant\u00e9, \nqui se place au plus pr\u00e8s de l\u2019actualit\u00e9 et de l\u2019innovation. \n<br >Ses 3 p\u00f4les d\u2019activit\u00e9 lui conf\u00e8rent des comp\u00e9tences transversales pour donner vie \u00e0 vos projets.<\/h3><\/div> <\/div> <div  class=\"row\"> <div  class=\"button-holder space-bottom space-bottom-small\" data-type=\"column\"> <\/div> <div  class=\"col-xs bottom-xs flexbox image-group-bottom-3-img space-bottom-xs center-xs\"> <img  decoding=\"async\" class=\"left-img shadow-large-black\" data-size=\"500x300\" src=\"http:\/\/www.nutrimedia.fr\/wp-content\/uploads\/2023\/04\/icone-v2-news.png\" title=\"icone-v2-news\" alt=\"\"> <img  decoding=\"async\" class=\"center-img shadow-large-black\" data-size=\"500x300\" src=\"http:\/\/www.nutrimedia.fr\/wp-content\/uploads\/2023\/04\/cropped-icone-v2flux-rss-1.png\" title=\"cropped-icone-v2flux-rss-1.png\" alt=\"\"> <img  decoding=\"async\" class=\"right-img shadow-large-black\" data-size=\"500x300\" src=\"http:\/\/www.nutrimedia.fr\/wp-content\/uploads\/2023\/04\/icone-v2-animation-3D.png\" title=\"icone-v2-animation-3D\" alt=\"\"><\/div> <\/div><\/div> <\/div><div  id=\"nutritions-endocrinologie\" style=\"background-color: #f5fafd;\" data-label=\"Nutritions Endocrinologie\" data-id=\"content-2\" data-export-id=\"content-2\" data-category=\"content\" class=\"content-2 content-section content-section-spacing\"><div > <div  class=\"row middle-xs\"><div  class=\"col-sm-5 bg-image shadow-large-black\" data-bg=\"image\" style=\"background-image: url(&quot;http:\/\/www.nutrimedia.fr\/wp-content\/uploads\/2025\/11\/cropped-couv-nutritions-panneau-1.jpg&quot;);\"><\/div> <div  class=\"col-sm-7 full-col-left-padding full-col-right-padding\"> <div  class=\"row\"> <div  data-type=\"column\" class=\"space-bottom-small content-title-col\"> <h2  class=\"\">\n\n\n\n\n\n\n\n\n\n\n\n\n\n\n\n\n\n\n\n\n\n\n\n\n<style >@font-face\n\t{font-family:\"Cambria Math\";\n\tpanose-1:2 4 5 3 5 4 6 3 2 4;\n\tmso-font-charset:0;\n\tmso-generic-font-family:roman;\n\tmso-font-pitch:variable;\n\tmso-font-signature:-536870145 1107305727 0 0 415 0;}@font-face\n\t{font-family:DengXian;\n\tpanose-1:2 1 6 0 3 1 1 1 1 1;\n\tmso-font-alt:\u7b49\u7ebf;\n\tmso-font-charset:134;\n\tmso-generic-font-family:auto;\n\tmso-font-pitch:variable;\n\tmso-font-signature:-1610612033 953122042 22 0 262159 0;}@font-face\n\t{font-family:Calibri;\n\tpanose-1:2 15 5 2 2 2 4 3 2 4;\n\tmso-font-charset:0;\n\tmso-generic-font-family:swiss;\n\tmso-font-pitch:variable;\n\tmso-font-signature:-536859905 -1073732485 9 0 511 0;}@font-face\n\t{font-family:\"@DengXian\";\n\tpanose-1:2 1 6 0 3 1 1 1 1 1;\n\tmso-font-charset:134;\n\tmso-generic-font-family:auto;\n\tmso-font-pitch:variable;\n\tmso-font-signature:-1610612033 953122042 22 0 262159 0;}p.MsoNormal, li.MsoNormal, div.MsoNormal\n\t{mso-style-unhide:no;\n\tmso-style-qformat:yes;\n\tmso-style-parent:\"\";\n\tmargin:0cm;\n\tmso-pagination:widow-orphan;\n\tfont-size:12.0pt;\n\tfont-family:\"Calibri\",sans-serif;\n\tmso-ascii-font-family:Calibri;\n\tmso-ascii-theme-font:minor-latin;\n\tmso-fareast-font-family:DengXian;\n\tmso-fareast-theme-font:minor-fareast;\n\tmso-hansi-font-family:Calibri;\n\tmso-hansi-theme-font:minor-latin;\n\tmso-bidi-font-family:Arial;\n\tmso-bidi-theme-font:minor-bidi;\n\tmso-font-kerning:1.0pt;\n\tmso-ligatures:standardcontextual;}p\n\t{mso-style-noshow:yes;\n\tmso-style-priority:99;\n\tmso-margin-top-alt:auto;\n\tmargin-right:0cm;\n\tmso-margin-bottom-alt:auto;\n\tmargin-left:0cm;\n\tmso-pagination:widow-orphan;\n\tfont-size:12.0pt;\n\tfont-family:\"Times New Roman\",serif;\n\tmso-fareast-font-family:\"Times New Roman\";}.MsoChpDefault\n\t{mso-style-type:export-only;\n\tmso-default-props:yes;\n\tfont-family:\"Calibri\",sans-serif;\n\tmso-ascii-font-family:Calibri;\n\tmso-ascii-theme-font:minor-latin;\n\tmso-fareast-font-family:DengXian;\n\tmso-fareast-theme-font:minor-fareast;\n\tmso-hansi-font-family:Calibri;\n\tmso-hansi-theme-font:minor-latin;\n\tmso-bidi-font-family:Arial;\n\tmso-bidi-theme-font:minor-bidi;}div.WordSection1\n\t{page:WordSection1;}<\/style><p  style=\"text-align: center;\" align=\"center\">\n\n\n\n\n\n\n\n\n\n\n\n\n\n\n\n\n\n\n\n\n\n\n\n\n<style >@font-face\n\t{font-family:\"Cambria Math\";\n\tpanose-1:2 4 5 3 5 4 6 3 2 4;\n\tmso-font-charset:0;\n\tmso-generic-font-family:roman;\n\tmso-font-pitch:variable;\n\tmso-font-signature:-536870145 1107305727 0 0 415 0;}@font-face\n\t{font-family:DengXian;\n\tpanose-1:2 1 6 0 3 1 1 1 1 1;\n\tmso-font-alt:\u7b49\u7ebf;\n\tmso-font-charset:134;\n\tmso-generic-font-family:auto;\n\tmso-font-pitch:variable;\n\tmso-font-signature:-1610612033 953122042 22 0 262159 0;}@font-face\n\t{font-family:Calibri;\n\tpanose-1:2 15 5 2 2 2 4 3 2 4;\n\tmso-font-charset:0;\n\tmso-generic-font-family:swiss;\n\tmso-font-pitch:variable;\n\tmso-font-signature:-536859905 -1073732485 9 0 511 0;}@font-face\n\t{font-family:\"@DengXian\";\n\tpanose-1:2 1 6 0 3 1 1 1 1 1;\n\tmso-font-charset:134;\n\tmso-generic-font-family:auto;\n\tmso-font-pitch:variable;\n\tmso-font-signature:-1610612033 953122042 22 0 262159 0;}p.MsoNormal, li.MsoNormal, div.MsoNormal\n\t{mso-style-unhide:no;\n\tmso-style-qformat:yes;\n\tmso-style-parent:\"\";\n\tmargin:0cm;\n\tmso-pagination:widow-orphan;\n\tfont-size:12.0pt;\n\tfont-family:\"Calibri\",sans-serif;\n\tmso-ascii-font-family:Calibri;\n\tmso-ascii-theme-font:minor-latin;\n\tmso-fareast-font-family:DengXian;\n\tmso-fareast-theme-font:minor-fareast;\n\tmso-hansi-font-family:Calibri;\n\tmso-hansi-theme-font:minor-latin;\n\tmso-bidi-font-family:Arial;\n\tmso-bidi-theme-font:minor-bidi;\n\tmso-font-kerning:1.0pt;\n\tmso-ligatures:standardcontextual;}p\n\t{mso-style-noshow:yes;\n\tmso-style-priority:99;\n\tmso-margin-top-alt:auto;\n\tmargin-right:0cm;\n\tmso-margin-bottom-alt:auto;\n\tmargin-left:0cm;\n\tmso-pagination:widow-orphan;\n\tfont-size:12.0pt;\n\tfont-family:\"Times New Roman\",serif;\n\tmso-fareast-font-family:\"Times New Roman\";}.MsoChpDefault\n\t{mso-style-type:export-only;\n\tmso-default-props:yes;\n\tfont-family:\"Calibri\",sans-serif;\n\tmso-ascii-font-family:Calibri;\n\tmso-ascii-theme-font:minor-latin;\n\tmso-fareast-font-family:DengXian;\n\tmso-fareast-theme-font:minor-fareast;\n\tmso-hansi-font-family:Calibri;\n\tmso-hansi-theme-font:minor-latin;\n\tmso-bidi-font-family:Arial;\n\tmso-bidi-theme-font:minor-bidi;}div.WordSection1\n\t{page:WordSection1;}<\/style><\/p><p  style=\"text-align: center;\" align=\"center\"><b >CHAQUE REVUE BENEFICIE DE\nL\u2019EXPERTISE DE SON CONSEIL SCIENTIFIQUE, DE SES COMITES DE LECTURE ET PROPOSE\nDES HORS-SERIES THEMATIQUES.<\/b><\/p><\/h2><h5  class=\"\">P\u00d4LE PRESSE<\/h5> <h2  class=\"\">Nutritions et Endocrinologie<\/h2> <p  class=\"\">Nutritions &amp; endocrinologie est une revue scientifique, pratique, professionnelle et pluridisciplinaire. Cette revue est un bimestriel destin\u00e9 \u00e0 un public de professionnels de sant\u00e9 : diab\u00e9tologues, endocrinologues, nutritionnistes, m\u00e9decins g\u00e9n\u00e9ralistes, cardiologues, g\u00e9riatres, p\u00e9diatres, m\u00e9decins du sport, di\u00e9t\u00e9ticiens\u2026 Issue d\u2019une r\u00e9flexion transversale autour de la nutrition, l\u2019alimentation, le comportement et l\u2019\u00e9ducation th\u00e9rapeutique, elle propose des sujets ax\u00e9s terrain et ce, de la pr\u00e9vention \u00e0 la th\u00e9rapeutique. Nous proposons \u00e9galement des Hors-s\u00e9ries ainsi que des suppl\u00e9ments th\u00e9matiques adapt\u00e9s \u00e0 l\u2019actualit\u00e9 scientifique aussi bien en diab\u00e9tologie, canc\u00e9rologie, allergie qu\u2019en cardiologie ou en activit\u00e9 physique adapt\u00e9e (APA)\u2026<\/p><\/div> <\/div> <div  class=\"row spaced-cols \" data-type=\"row\"> <div  class=\"col-xs-6\" data-type=\"column\"> <h5  class=\"\">MISE AU POINT<\/h5> <p  class=\"\">Des articles pointus, r\u00e9dig\u00e9s par des professionnels de sant\u00e9, des scientifiques, des chercheurs\u2026 pour se tenir au courant des derni\u00e8res avanc\u00e9es dans chaque domaine.<\/p><\/div> <div  class=\"col-xs-6\" data-type=\"column\"><h5  class=\"\">\nCONGR\u00c8S<\/h5> <p  class=\"\">Retrouvez les compte-rendus des \u00e9v\u00e9nements scientifiques les plus marquants, pour rester en phase avec l\u2019actualit\u00e9, la recherche et les \u00e9volutions des pratiques dans toutes les pathologies.<\/p><\/div> <div  class=\"col-xs-6\" data-type=\"column\"><h5  class=\"\">INTERDISCIPLINE<\/h5> <p  class=\"\">Une m\u00eame pathologie vue par diff\u00e9rents sp\u00e9cialistes<\/p><\/div> <div  class=\"col-xs-6\" data-type=\"column\"><h5  class=\"\">ETP<\/h5> <p  class=\"\">Accompagnement et valorisation des projets ETP<\/p><\/div> <\/div><\/div> <\/div><\/div> <\/div><div  id=\"uropractice\" style=\"background-color: #ffffff;\" data-label=\"UroPractice\" data-id=\"content-3\" data-export-id=\"content-3\" data-category=\"content\" class=\"content-3 content-section content-section-spacing\"><div > <div  class=\"row middle-xs\"><div  class=\"col-sm-7 full-col-left-padding full-col-right-padding\"> <div  class=\"row\"><div  data-type=\"column\" class=\"space-bottom-small content-title-col\"> <h5  class=\"\">P\u00d4LE PRESSE<\/h5> <h2  class=\"\">UroPractice<\/h2> <p  class=\"\"> Infections urinaires, incontinence, HBP, lithiases, cancer du rein, cancer de vessie, cancer de prostate, dysfonctionnements \u00e9rectiles, transplantations\u2026 UROpractice est la revue multidisciplinaire de pratiques en urologie. Elle est destin\u00e9e \u00e0 l\u2019ensemble des \u00e9quipes hospitali\u00e8res en urologie : professionnels de sant\u00e9 et \u00e9quipes soignantes. Elle aborde, sous un aspect pratique, les probl\u00e9matiques en urologie, n\u00e9phrologie, canc\u00e9rologie, sexologie, infectiologie\u2026<\/p><\/div> <\/div> <div  class=\"row spaced-cols\" data-type=\"row\"> <div  class=\"col-xs-6\" data-type=\"column\"> <h5  class=\"\">MISE AU POINT<\/h5> <p  class=\"\">Les modes de prises en charges \u00e9voluent et l\u2019innovation prend toute sa place.<\/p><\/div> <div  class=\"col-xs-6\" data-type=\"column\"><h5  class=\"\">FICHE PRATIQUE<\/h5> <p  class=\"\">Check listes, Recos HAS, Recos des socit\u00e9ssavantes\u2026<\/p><\/div> <div  class=\"col-xs-6\" data-type=\"column\"><h5  class=\"\">INTERDISCIPLINE<\/h5> <p  class=\"\">Prise en charge chirurgicale, m\u00e9dicale et IPA<\/p><\/div> <div  class=\"col-xs-6\" data-type=\"column\"><h5  class=\"\">TH\u00c9RAPEUTIQUE<\/h5> <p  class=\"\">Toutes les nouveaut\u00e9s et modes d\u2019action<\/p><\/div> <\/div><\/div> <div  class=\"col-sm-5 bg-image shadow-large-black revert-classes-holder\" data-bg=\"image\" style=\"background-image: url(&quot;http:\/\/www.nutrimedia.fr\/wp-content\/uploads\/2023\/04\/cropped-test-revue-uro.jpg&quot;);\"><\/div><\/div> <\/div><\/div><div  id=\"projets\" style=\"background-color: #f5fafd;\" data-label=\"Projets\" data-id=\"portfolio-4\" data-export-id=\"portfolio-4\" data-category=\"portfolio\" class=\"portfolio-4 content-section content-section-spacing-top\"><div  class=\"\"> <div  class=\"row text-center\"><div  class=\"section-title-col\" data-type=\"column\"><h4  class=\"\">\n\n\n\n\n\n\n\n\n\n\n\n\n\n\n\n\n\n\n\n\n\n\n\n\n<style >@font-face\n\t{font-family:\"Cambria Math\";\n\tpanose-1:2 4 5 3 5 4 6 3 2 4;\n\tmso-font-charset:0;\n\tmso-generic-font-family:roman;\n\tmso-font-pitch:variable;\n\tmso-font-signature:-536870145 1107305727 0 0 415 0;}@font-face\n\t{font-family:DengXian;\n\tpanose-1:2 1 6 0 3 1 1 1 1 1;\n\tmso-font-alt:\u7b49\u7ebf;\n\tmso-font-charset:134;\n\tmso-generic-font-family:auto;\n\tmso-font-pitch:variable;\n\tmso-font-signature:-1610612033 953122042 22 0 262159 0;}@font-face\n\t{font-family:Calibri;\n\tpanose-1:2 15 5 2 2 2 4 3 2 4;\n\tmso-font-charset:0;\n\tmso-generic-font-family:swiss;\n\tmso-font-pitch:variable;\n\tmso-font-signature:-536859905 -1073732485 9 0 511 0;}@font-face\n\t{font-family:\"@DengXian\";\n\tpanose-1:2 1 6 0 3 1 1 1 1 1;\n\tmso-font-charset:134;\n\tmso-generic-font-family:auto;\n\tmso-font-pitch:variable;\n\tmso-font-signature:-1610612033 953122042 22 0 262159 0;}p.MsoNormal, li.MsoNormal, div.MsoNormal\n\t{mso-style-unhide:no;\n\tmso-style-qformat:yes;\n\tmso-style-parent:\"\";\n\tmargin:0cm;\n\tmso-pagination:widow-orphan;\n\tfont-size:12.0pt;\n\tfont-family:\"Calibri\",sans-serif;\n\tmso-ascii-font-family:Calibri;\n\tmso-ascii-theme-font:minor-latin;\n\tmso-fareast-font-family:DengXian;\n\tmso-fareast-theme-font:minor-fareast;\n\tmso-hansi-font-family:Calibri;\n\tmso-hansi-theme-font:minor-latin;\n\tmso-bidi-font-family:Arial;\n\tmso-bidi-theme-font:minor-bidi;\n\tmso-font-kerning:1.0pt;\n\tmso-ligatures:standardcontextual;}p\n\t{mso-style-noshow:yes;\n\tmso-style-priority:99;\n\tmso-margin-top-alt:auto;\n\tmargin-right:0cm;\n\tmso-margin-bottom-alt:auto;\n\tmargin-left:0cm;\n\tmso-pagination:widow-orphan;\n\tfont-size:12.0pt;\n\tfont-family:\"Times New Roman\",serif;\n\tmso-fareast-font-family:\"Times New Roman\";}.MsoChpDefault\n\t{mso-style-type:export-only;\n\tmso-default-props:yes;\n\tfont-family:\"Calibri\",sans-serif;\n\tmso-ascii-font-family:Calibri;\n\tmso-ascii-theme-font:minor-latin;\n\tmso-fareast-font-family:DengXian;\n\tmso-fareast-theme-font:minor-fareast;\n\tmso-hansi-font-family:Calibri;\n\tmso-hansi-theme-font:minor-latin;\n\tmso-bidi-font-family:Arial;\n\tmso-bidi-theme-font:minor-bidi;}div.WordSection1\n\t{page:WordSection1;}<\/style><p  style=\"text-align: center;\" align=\"center\">NOTRE EXPERTISE REDACTIONNELLE NOUS PERMET DE REALISER TOUTE SORTE DE PROJETS EDITORIAUX QU\u2019ILS SOIENT PRINT OU DIGITAL.<\/p><\/h4>  <\/div> <\/div> <div  data-type=\"row\" class=\"row\" data-fixed=\"true\"> <div  class=\"col-xs-12 col-sm-3 no-gutter-col\"> <div  class=\"contentswap-effect\" data-hover-fx=\"portfolio-4\"> <div  class=\"initial-image\"> <img  decoding=\"async\" data-size=\"542x360\" src=\"http:\/\/www.nutrimedia.fr\/wp-content\/uploads\/2023\/04\/Formation-ok.jpg\"><\/div> <div  class=\"overlay bg-color1\"><\/div> <div  class=\"swap-inner col-xs-12\"> <div  class=\"row full-height-row middle-xs middle-sm\"> <div  class=\"col-xs-12 text-center content-holder\"> <a  href=\"#\" target=\"_self\" rel=\"noopener\"><i  class=\"fa icon portfolio-icon fa-search big\" aria-hidden=\"true\"><\/i><\/a><\/div> <\/div><\/div> <\/div><\/div> <div  class=\"col-xs-12 col-sm-3 no-gutter-col\"><div  class=\"contentswap-effect\" data-hover-fx=\"portfolio-4\"> <div  class=\"initial-image\"> <img  decoding=\"async\" data-size=\"542x360\" src=\"http:\/\/www.nutrimedia.fr\/wp-content\/uploads\/2023\/04\/conseil-strategie.jpg\"><\/div> <div  class=\"overlay bg-color1\"><\/div> <div  class=\"swap-inner col-xs-12\"> <div  class=\"row full-height-row middle-xs middle-sm\"> <div  class=\"col-xs-12 text-center content-holder\"> <a  href=\"#\" target=\"_self\" rel=\"noopener\"><i  class=\"fa icon portfolio-icon fa-search big\" aria-hidden=\"true\"><\/i><\/a><\/div> <\/div><\/div> <\/div><\/div> <div  class=\"col-xs-12 col-sm-3 no-gutter-col\"><div  class=\"contentswap-effect\" data-hover-fx=\"portfolio-4\"> <div  class=\"initial-image\"> <img  decoding=\"async\" data-size=\"542x360\" src=\"http:\/\/www.nutrimedia.fr\/wp-content\/uploads\/2023\/04\/WhatsApp-Image-2023-04-25-at-18.11.35.jpeg\"><\/div> <div  class=\"overlay bg-color1\"><\/div> <div  class=\"swap-inner col-xs-12\"> <div  class=\"row full-height-row middle-xs middle-sm\"> <div  class=\"col-xs-12 text-center content-holder\"> <a  href=\"#\" target=\"_self\" rel=\"noopener\"><i  class=\"fa icon portfolio-icon fa-search big\" aria-hidden=\"true\"><\/i><\/a><\/div> <\/div><\/div> <\/div><\/div>  <div  class=\"col-xs-12 col-sm-3 no-gutter-col\"><div  class=\"contentswap-effect\" data-hover-fx=\"portfolio-4\"> <div  class=\"initial-image\"> <img  decoding=\"async\" data-size=\"542x360\" src=\"http:\/\/www.nutrimedia.fr\/wp-content\/uploads\/2023\/04\/WhatsApp-Image-2023-04-25-at-18.00.38.jpeg\"><\/div> <div  class=\"overlay bg-color1\"><\/div> <div  class=\"swap-inner col-xs-12\"> <div  class=\"row full-height-row middle-xs middle-sm\"> <div  class=\"col-xs-12 text-center content-holder\"> <a  href=\"#\" target=\"_self\" rel=\"noopener\"><i  class=\"fa icon portfolio-icon fa-search big\" aria-hidden=\"true\"><\/i><\/a><\/div> <\/div><\/div> <\/div><\/div>    <\/div><\/div> <\/div><div  id=\"nos-partenariats\" style=\"background-color: rgb(245, 250, 253); background-image: none;\" data-label=\"Nos partenariats\" data-id=\"testimonials-5\" data-export-id=\"testimonials-5\" data-category=\"testimonials\" class=\"testimonials-5 content-section content-section-spacing\"><div  class=\"gridContainer\"> <div  class=\"row\"><div  data-type=\"column\" class=\"section-title-col\">  <\/div> <\/div> <div  class=\"row spaced-cols content-center-sm\" data-type=\"row\">   <div  class=\"col-xs-12 col-sm-6 col-md-4\"> <div  class=\"card y-move bordered\" data-type=\"column\"><h3  class=\"\">Nouveaut\u00e9s<\/h3>     <a  data-cp-link=\"1\" href=\"#\" class=\"\"><img decoding=\"async\"  class=\"custom-image\" src=\"http:\/\/www.nutrimedia.fr\/wp-content\/uploads\/2023\/04\/Couv-defiscience.png\" title=\"Couv defiscience\" alt=\"\"><\/a><a  class=\"link\" href=\"#\" target=\"_self\" data-cp-link=\"1\" rel=\"noopener\">Direction la boutique<\/a><\/div> <\/div><\/div> <\/div><\/div><div  id=\"nouveautes\" data-label=\"Nouveautes\" data-id=\"cta-blue-section\" data-export-id=\"cta-blue-section\" data-category=\"cta\" class=\"cta-blue-section content-section content-section-spacing-medium bg-color1 white-text\"><div  class=\"gridContainer\"> <div  class=\"row middle-xs\"><div  class=\"col-sm-8 space-bottom-xs\" data-type=\"column\">  <\/div> <div  class=\"col-sm-4 end-sm\" data-type=\"column\"> <\/div> <\/div><\/div> <\/div><div  id=\"contact-1\" data-label=\"Contact\" data-id=\"contact-1\" data-export-id=\"contact-1\" data-category=\"contact\" class=\"contact-1 content-section content-section-spacing white-text\" data-parallax-depth=\"20\"><div  class=\"gridContainer\"> <div  class=\"row text-center\"><div  class=\"section-title-col\" data-type=\"column\"> <h2  class=\"\">Contact<\/h2> <p  class=\"lead\">contact@nutrimedia.fr<\/p><a  data-cp-link=\"1\" href=\"#contact@nutrimedia.fr\" class=\"\" target=\"_self\" rel=\"noopener\"><img  decoding=\"async\" class=\"custom-image\" src=\"http:\/\/www.nutrimedia.fr\/wp-content\/uploads\/2023\/04\/ICONE-CONTACT-1.jpg\" title=\"Impression\" alt=\"\"><\/a><img  decoding=\"async\" class=\"custom-image\" src=\"http:\/\/www.nutrimedia.fr\/wp-content\/uploads\/2023\/04\/WhatsApp-Image-2023-04-20-at-16.09.43.jpeg\" title=\"WhatsApp Image 2023-04-20 at 16.09.43\" alt=\"\"><\/div> <\/div> <div  class=\"row text-center\"> <div  class=\"col-xs-12 col-sm-8 col-sm-offset-2 contact-form-wrapper inline-info\"> <div  class=\"card large-padding\"> <div  class=\"\" data-content-shortcode=\"mesmerize_contact_form\" data-editable=\"true\"><p style=\"text-align:center;color:#ababab\">Contact form will be displayed here. To activate it you have to set the \"contact form shortcode\" parameter in Customizer.<\/p><\/div><\/div> <\/div><\/div> <\/div><\/div>","protected":false},"excerpt":{"rendered":"<p>P\u00d4LE COMMUNICATIONPRESSE \u2013 \u00c9DITION \u2013 FORMATION \u2013 ETP- \u00c9V\u00c9NEMENTIEL P\u00d4LE PR\u00c9VENTION SANT\u00c9 AU TRAVAIL \u2013 ATELIERS \u2013 JEUX \u2013 ANIMATION SEMAINE QVT\u2026Acc\u00e8s P\u00d4LE TECHNOLOGIE COMMUNICATION DIGITALE \u2013&nbsp; WEB RADIO \u2013 DIGITAL LEARNING\u2026 Tous nos p\u00f4les d\u2019expertise au service de la communication scientifique multicanale Nutrim\u00e9dia est une soci\u00e9t\u00e9 de presse, d\u2019\u00e9dition, de communication et marketing multicanale&hellip; <br \/> <a class=\"read-more\" href=\"https:\/\/www.nutrimedia.fr\/\">Lire la suite<\/a><\/p>\n","protected":false},"author":3,"featured_media":0,"parent":0,"menu_order":0,"comment_status":"closed","ping_status":"closed","template":"page-templates\/homepage.php","meta":{"footnotes":""},"class_list":["post-236","page","type-page","status-publish","hentry"],"_links":{"self":[{"href":"https:\/\/www.nutrimedia.fr\/index.php\/wp-json\/wp\/v2\/pages\/236","targetHints":{"allow":["GET"]}}],"collection":[{"href":"https:\/\/www.nutrimedia.fr\/index.php\/wp-json\/wp\/v2\/pages"}],"about":[{"href":"https:\/\/www.nutrimedia.fr\/index.php\/wp-json\/wp\/v2\/types\/page"}],"author":[{"embeddable":true,"href":"https:\/\/www.nutrimedia.fr\/index.php\/wp-json\/wp\/v2\/users\/3"}],"replies":[{"embeddable":true,"href":"https:\/\/www.nutrimedia.fr\/index.php\/wp-json\/wp\/v2\/comments?post=236"}],"version-history":[{"count":27,"href":"https:\/\/www.nutrimedia.fr\/index.php\/wp-json\/wp\/v2\/pages\/236\/revisions"}],"predecessor-version":[{"id":428,"href":"https:\/\/www.nutrimedia.fr\/index.php\/wp-json\/wp\/v2\/pages\/236\/revisions\/428"}],"wp:attachment":[{"href":"https:\/\/www.nutrimedia.fr\/index.php\/wp-json\/wp\/v2\/media?parent=236"}],"curies":[{"name":"wp","href":"https:\/\/api.w.org\/{rel}","templated":true}]}}