{"id":163,"date":"2023-04-18T20:25:39","date_gmt":"2023-04-18T18:23:26","guid":{"rendered":"https:\/\/www.nutrimedia.fr\/?page_id=163"},"modified":"2023-04-24T15:36:47","modified_gmt":"2023-04-24T13:36:47","slug":"notre-expertise-2","status":"publish","type":"page","link":"https:\/\/www.nutrimedia.fr\/index.php\/notre-expertise-2\/","title":{"rendered":"Notre expertise"},"content":{"rendered":"\n<figure class=\"wp-block-image size-large\"><img loading=\"lazy\" decoding=\"async\" width=\"1024\" height=\"256\" src=\"http:\/\/www.nutrimedia.fr\/wp-content\/uploads\/2023\/04\/tetiere-education-1600-2-1024x256.jpg\" alt=\"\" class=\"wp-image-186\" srcset=\"https:\/\/www.nutrimedia.fr\/wp-content\/uploads\/2023\/04\/tetiere-education-1600-2-1024x256.jpg 1024w, https:\/\/www.nutrimedia.fr\/wp-content\/uploads\/2023\/04\/tetiere-education-1600-2-300x75.jpg 300w, https:\/\/www.nutrimedia.fr\/wp-content\/uploads\/2023\/04\/tetiere-education-1600-2-768x192.jpg 768w, https:\/\/www.nutrimedia.fr\/wp-content\/uploads\/2023\/04\/tetiere-education-1600-2-1536x384.jpg 1536w, https:\/\/www.nutrimedia.fr\/wp-content\/uploads\/2023\/04\/tetiere-education-1600-2-1080x270.jpg 1080w, https:\/\/www.nutrimedia.fr\/wp-content\/uploads\/2023\/04\/tetiere-education-1600-2-1280x320.jpg 1280w, https:\/\/www.nutrimedia.fr\/wp-content\/uploads\/2023\/04\/tetiere-education-1600-2-980x245.jpg 980w, https:\/\/www.nutrimedia.fr\/wp-content\/uploads\/2023\/04\/tetiere-education-1600-2-480x120.jpg 480w, https:\/\/www.nutrimedia.fr\/wp-content\/uploads\/2023\/04\/tetiere-education-1600-2-1320x330.jpg 1320w, https:\/\/www.nutrimedia.fr\/wp-content\/uploads\/2023\/04\/tetiere-education-1600-2-600x150.jpg 600w, https:\/\/www.nutrimedia.fr\/wp-content\/uploads\/2023\/04\/tetiere-education-1600-2.jpg 1600w\" sizes=\"auto, (max-width: 1024px) 100vw, 1024px\" \/><\/figure>\n\n\n\n<div class=\"wp-block-cover is-light\"><span aria-hidden=\"true\" class=\"wp-block-cover__background has-background-dim\"><\/span><img loading=\"lazy\" decoding=\"async\" width=\"2560\" height=\"2560\" class=\"wp-block-cover__image-background wp-image-214\" alt=\"\" src=\"http:\/\/www.nutrimedia.fr\/wp-content\/uploads\/2023\/04\/illustration-globale-contenu-scaled.jpg\" data-object-fit=\"cover\" srcset=\"https:\/\/www.nutrimedia.fr\/wp-content\/uploads\/2023\/04\/illustration-globale-contenu-scaled.jpg 2560w, https:\/\/www.nutrimedia.fr\/wp-content\/uploads\/2023\/04\/illustration-globale-contenu-300x300.jpg 300w, https:\/\/www.nutrimedia.fr\/wp-content\/uploads\/2023\/04\/illustration-globale-contenu-1024x1024.jpg 1024w, https:\/\/www.nutrimedia.fr\/wp-content\/uploads\/2023\/04\/illustration-globale-contenu-150x150.jpg 150w, https:\/\/www.nutrimedia.fr\/wp-content\/uploads\/2023\/04\/illustration-globale-contenu-768x768.jpg 768w, https:\/\/www.nutrimedia.fr\/wp-content\/uploads\/2023\/04\/illustration-globale-contenu-1536x1536.jpg 1536w, https:\/\/www.nutrimedia.fr\/wp-content\/uploads\/2023\/04\/illustration-globale-contenu-2048x2048.jpg 2048w, https:\/\/www.nutrimedia.fr\/wp-content\/uploads\/2023\/04\/illustration-globale-contenu-1080x1080.jpg 1080w, https:\/\/www.nutrimedia.fr\/wp-content\/uploads\/2023\/04\/illustration-globale-contenu-1320x1320.jpg 1320w, https:\/\/www.nutrimedia.fr\/wp-content\/uploads\/2023\/04\/illustration-globale-contenu-600x600.jpg 600w, https:\/\/www.nutrimedia.fr\/wp-content\/uploads\/2023\/04\/illustration-globale-contenu-100x100.jpg 100w\" sizes=\"auto, (max-width: 2560px) 100vw, 2560px\" \/><div class=\"wp-block-cover__inner-container is-layout-flow wp-block-cover-is-layout-flow\">\n<p class=\"has-text-align-center has-large-font-size\">Presse &amp; Edition<\/p>\n<\/div><\/div>\n\n\n\n<p><strong>Nutrim\u00e9dia\u00a0<\/strong>est une soci\u00e9t\u00e9 de presse et d\u2019\u00e9dition ind\u00e9pendante qui publie deux revues scientifiques sp\u00e9cialis\u00e9es pour les professionnels de sant\u00e9 :\u00a0<a href=\"https:\/\/revue-nutritions.fr\/\">Nutritions &amp; endocrinologie\u00a0<\/a>et\u00a0<a href=\"http:\/\/www.uropractice.fr\/\">UROpractice.<\/a><\/p>\n\n\n\n<p>Chaque revue b\u00e9n\u00e9ficie de l\u2019expertise de son conseil scientifique, de ses comit\u00e9s de lecture et propose des hors-s\u00e9ries th\u00e9matiques.<\/p>\n\n\n\n<p><strong>Nutrim\u00e9dia<\/strong>&nbsp;est adh\u00e9rent au Syndicat de la presse et de l\u2019\u00e9dition des professions de sant\u00e9 (SPEPS), garantissant une d\u00e9marche de qualit\u00e9 et d\u2019\u00e9thique r\u00e9dactionnelle.<\/p>\n\n\n\n<p>Notre expertise r\u00e9dactionnelle nous permet de r\u00e9aliser toute sorte de projets \u00e9ditoriaux qu\u2019ils soient Print ou Digital.<\/p>\n\n\n\n<div class=\"wp-block-cover is-light\"><span aria-hidden=\"true\" class=\"wp-block-cover__background has-background-dim\"><\/span><img loading=\"lazy\" decoding=\"async\" width=\"394\" height=\"394\" class=\"wp-block-cover__image-background wp-image-188\" alt=\"\" src=\"http:\/\/www.nutrimedia.fr\/wp-content\/uploads\/2023\/04\/Formation-ok.jpg\" data-object-fit=\"cover\" srcset=\"https:\/\/www.nutrimedia.fr\/wp-content\/uploads\/2023\/04\/Formation-ok.jpg 394w, https:\/\/www.nutrimedia.fr\/wp-content\/uploads\/2023\/04\/Formation-ok-300x300.jpg 300w, https:\/\/www.nutrimedia.fr\/wp-content\/uploads\/2023\/04\/Formation-ok-150x150.jpg 150w, https:\/\/www.nutrimedia.fr\/wp-content\/uploads\/2023\/04\/Formation-ok-100x100.jpg 100w\" sizes=\"auto, (max-width: 394px) 100vw, 394px\" \/><div class=\"wp-block-cover__inner-container is-layout-flow wp-block-cover-is-layout-flow\">\n<p class=\"has-text-align-center has-large-font-size\">Learning &amp; Management<\/p>\n<\/div><\/div>\n\n\n\n<p>Formation des professionnels de de sant\u00e9 aussi bien en pr\u00e9sentiel qu&#8217;en digital. En concertation avec l\u2019\u00e9quipe\u00a0<strong>p\u00e9dagogique<\/strong>\u00a0et\u00a0<strong>scientifique<\/strong>,\u00a0<strong>Nutrim\u00e9dia\u00a0<\/strong>con\u00e7oit des formations dynamiques et impliquantes. Elles sont adapt\u00e9es aux diff\u00e9rents publics selon les cibles et les projets mais toujours centr\u00e9es sur les apprenants. <\/p>\n\n\n\n<p><\/p>\n\n\n\n<p>La fonction formation change de posture pour devenir, plus que jamais, proactive : elle se d\u00e9place au centre des combats et des attentions. <strong>Permettre aux collaborateurs d\u2019\u00eatre contributeurs en cr\u00e9ant des formations et contenus\u00a0<\/strong>personnalis\u00e9s que ce soit en pr\u00e9sentiel au virtuel. <\/p>\n\n\n\n<p>Il s&#8217;agit d&#8217;adapter l\u2019enseignement et la formation des apprenants et collaborateurs aux enjeux et technologies actuelles.\u00a0<\/p>\n\n\n\n<div class=\"wp-block-cover is-light\"><span aria-hidden=\"true\" class=\"wp-block-cover__background has-background-dim\"><\/span><img loading=\"lazy\" decoding=\"async\" width=\"394\" height=\"394\" class=\"wp-block-cover__image-background wp-image-187\" alt=\"\" src=\"http:\/\/www.nutrimedia.fr\/wp-content\/uploads\/2023\/04\/conseil-strategie.jpg\" data-object-fit=\"cover\" srcset=\"https:\/\/www.nutrimedia.fr\/wp-content\/uploads\/2023\/04\/conseil-strategie.jpg 394w, https:\/\/www.nutrimedia.fr\/wp-content\/uploads\/2023\/04\/conseil-strategie-300x300.jpg 300w, https:\/\/www.nutrimedia.fr\/wp-content\/uploads\/2023\/04\/conseil-strategie-150x150.jpg 150w, https:\/\/www.nutrimedia.fr\/wp-content\/uploads\/2023\/04\/conseil-strategie-100x100.jpg 100w\" sizes=\"auto, (max-width: 394px) 100vw, 394px\" \/><div class=\"wp-block-cover__inner-container is-layout-flow wp-block-cover-is-layout-flow\">\n<p class=\"has-text-align-center has-large-font-size\">Strat\u00e9gie <\/p>\n<\/div><\/div>\n\n\n\n<p>Construire une strat\u00e9gie de contenu pertinente et d\u00e9finir les messages cl\u00e9s en fonction des diff\u00e9rents profils.<\/p>\n\n\n\n<div class=\"wp-block-cover is-light\"><span aria-hidden=\"true\" class=\"wp-block-cover__background has-background-dim\"><\/span><img loading=\"lazy\" decoding=\"async\" width=\"677\" height=\"676\" class=\"wp-block-cover__image-background wp-image-223\" alt=\"\" src=\"https:\/\/www.nutrimedia.fr\/wp-content\/uploads\/2023\/04\/icone-v2-animation-3D.png\" data-object-fit=\"cover\" srcset=\"https:\/\/www.nutrimedia.fr\/wp-content\/uploads\/2023\/04\/icone-v2-animation-3D.png 677w, https:\/\/www.nutrimedia.fr\/wp-content\/uploads\/2023\/04\/icone-v2-animation-3D-300x300.png 300w, https:\/\/www.nutrimedia.fr\/wp-content\/uploads\/2023\/04\/icone-v2-animation-3D-150x150.png 150w, https:\/\/www.nutrimedia.fr\/wp-content\/uploads\/2023\/04\/icone-v2-animation-3D-600x599.png 600w, https:\/\/www.nutrimedia.fr\/wp-content\/uploads\/2023\/04\/icone-v2-animation-3D-100x100.png 100w\" sizes=\"auto, (max-width: 677px) 100vw, 677px\" \/><div class=\"wp-block-cover__inner-container is-layout-flow wp-block-cover-is-layout-flow\">\n<p class=\"has-text-align-center has-large-font-size\">Communication digitale<\/p>\n<\/div><\/div>\n\n\n\n<p>Augmenter sa visibilit\u00e9 au travers d&#8217;une vari\u00e9t\u00e9 de supports digitaux. Chacun a sa fonction&#8230;<em>communication<\/em>, <em>marketing, cr\u00e9ativit\u00e9 et technique.  <\/em>La communication digitale est devenue incontournable et permet de f\u00e9d\u00e9rer des communaut\u00e9s.<\/p>\n","protected":false},"excerpt":{"rendered":"<p>Nutrim\u00e9dia\u00a0est une soci\u00e9t\u00e9 de presse et d\u2019\u00e9dition ind\u00e9pendante qui publie deux revues scientifiques sp\u00e9cialis\u00e9es pour les professionnels de sant\u00e9 :\u00a0Nutritions &amp; endocrinologie\u00a0et\u00a0UROpractice. Chaque revue b\u00e9n\u00e9ficie de l\u2019expertise de son conseil scientifique, de ses comit\u00e9s de lecture et propose des hors-s\u00e9ries th\u00e9matiques. Nutrim\u00e9dia&nbsp;est adh\u00e9rent au Syndicat de la presse et de l\u2019\u00e9dition des professions de sant\u00e9&hellip; <br \/> <a class=\"read-more\" href=\"https:\/\/www.nutrimedia.fr\/index.php\/notre-expertise-2\/\">Lire la suite<\/a><\/p>\n","protected":false},"author":3,"featured_media":0,"parent":0,"menu_order":0,"comment_status":"closed","ping_status":"closed","template":"","meta":{"footnotes":""},"class_list":["post-163","page","type-page","status-publish","hentry"],"_links":{"self":[{"href":"https:\/\/www.nutrimedia.fr\/index.php\/wp-json\/wp\/v2\/pages\/163","targetHints":{"allow":["GET"]}}],"collection":[{"href":"https:\/\/www.nutrimedia.fr\/index.php\/wp-json\/wp\/v2\/pages"}],"about":[{"href":"https:\/\/www.nutrimedia.fr\/index.php\/wp-json\/wp\/v2\/types\/page"}],"author":[{"embeddable":true,"href":"https:\/\/www.nutrimedia.fr\/index.php\/wp-json\/wp\/v2\/users\/3"}],"replies":[{"embeddable":true,"href":"https:\/\/www.nutrimedia.fr\/index.php\/wp-json\/wp\/v2\/comments?post=163"}],"version-history":[{"count":6,"href":"https:\/\/www.nutrimedia.fr\/index.php\/wp-json\/wp\/v2\/pages\/163\/revisions"}],"predecessor-version":[{"id":225,"href":"https:\/\/www.nutrimedia.fr\/index.php\/wp-json\/wp\/v2\/pages\/163\/revisions\/225"}],"wp:attachment":[{"href":"https:\/\/www.nutrimedia.fr\/index.php\/wp-json\/wp\/v2\/media?parent=163"}],"curies":[{"name":"wp","href":"https:\/\/api.w.org\/{rel}","templated":true}]}}